{"id":6507,"date":"2018-05-29T11:47:25","date_gmt":"2018-05-29T08:47:25","guid":{"rendered":"https:\/\/funkymonkeyclub.com\/?page_id=6507"},"modified":"2019-11-27T13:35:15","modified_gmt":"2019-11-27T11:35:15","slug":"press","status":"publish","type":"page","link":"https:\/\/funkymonkeyclub.com\/en\/press\/","title":{"rendered":"Press"},"content":{"rendered":"<div class=\"wpb-content-wrapper\"><p>[vc_row][vc_column]<div class=\"ztl-announcement  \">\r\n            <div class=\"row table-row\">\r\n                <div class=\"ztl-col col-lg-9 col-md-9 col-sm-9 col-xs-12 \">\r\n                    <div class=\"ztl-flex ztl-mobile-container\">\r\n                        <div class=\"ztl-icon left\" style=\"background-color:\">\r\n                            <span class=\"flaticon-drum-1\" style=\"color:#c50fd9\"><\/span>\r\n                        <\/div>\r\n                        <div class=\"content\" style=\"color:\">\r\n                            <div class=\"line-1\">\r\n                                <h3>L\u00e4hiomutsi<\/h3>\r\n                            <\/div>\r\n                            <div class=\"line-2\">\r\n                             26.11.2019\r\n                            <\/div>\r\n                        <\/div>\r\n                    <\/div>\r\n                <\/div>\r\n                <div class=\"ztl-action ztl-col col-lg-3 col-md-3 col-sm-3 col-xs-12 \">\r\n                    <div class=\"ztl-button-one\"><a href=\"https:\/\/lahiomutsi.fi\/2019\/11\/26\/funky-monkey-club-kreisin-hauska-koko-perheen-muskari\/\" target=\"_blank\">Read more<\/a><\/div>\r\n                <\/div>\r\n            <\/div>\r\n\t<\/div><div class=\"ztl-announcement  \">\r\n            <div class=\"row table-row\">\r\n                <div class=\"ztl-col col-lg-9 col-md-9 col-sm-9 col-xs-12 \">\r\n                    <div class=\"ztl-flex ztl-mobile-container\">\r\n                        <div class=\"ztl-icon left\" style=\"background-color:\">\r\n                            <span class=\"flaticon-drum-1\" style=\"color:#24c36e\"><\/span>\r\n                        <\/div>\r\n                        <div class=\"content\" style=\"color:\">\r\n                            <div class=\"line-1\">\r\n                                <h3>Ukko.fi<\/h3>\r\n                            <\/div>\r\n                            <div class=\"line-2\">\r\n                             05.01.2018\r\n                            <\/div>\r\n                        <\/div>\r\n                    <\/div>\r\n                <\/div>\r\n                <div class=\"ztl-action ztl-col col-lg-3 col-md-3 col-sm-3 col-xs-12 \">\r\n                    <div class=\"ztl-button-one\"><a href=\"\/\/www.ukko.fi\/musiikkialan-ammattilainen-paula-toi-showmuskarin-suomeen\" target=\"_blank\">Read more<\/a><\/div>\r\n                <\/div>\r\n            <\/div>\r\n\t<\/div><div class=\"ztl-announcement  \">\r\n            <div class=\"row table-row\">\r\n                <div class=\"ztl-col col-lg-9 col-md-9 col-sm-9 col-xs-12 \">\r\n                    <div class=\"ztl-flex ztl-mobile-container\">\r\n                        <div class=\"ztl-icon left\" style=\"background-color:\">\r\n                            <span class=\"flaticon-drum-1\" style=\"color:#00afff\"><\/span>\r\n                        <\/div>\r\n                        <div class=\"content\" style=\"color:\">\r\n                            <div class=\"line-1\">\r\n                                <h3>L\u00e4nsiv\u00e4yl\u00e4<\/h3>\r\n                            <\/div>\r\n                            <div class=\"line-2\">\r\n                             09.09.2017\r\n                            <\/div>\r\n                        <\/div>\r\n                    <\/div>\r\n                <\/div>\r\n                <div class=\"ztl-action ztl-col col-lg-3 col-md-3 col-sm-3 col-xs-12 \">\r\n                    <div class=\"ztl-button-one\"><a href=\"https:\/\/www.lansivayla.fi\/artikkeli\/557980-new-yorkista-inspiraation-saanut-muskari-tulee-helsinkiin-lapset-ovat\" target=\"_blank\">Read more<\/a><\/div>\r\n                <\/div>\r\n            <\/div>\r\n\t<\/div>[vc_empty_space height=&#8221;90px&#8221;][\/vc_column][\/vc_row]<\/p>\n<\/div>","protected":false},"excerpt":{"rendered":"<p>[vc_row][vc_column][vc_empty_space height=&#8221;90px&#8221;][\/vc_column][\/vc_row]<\/p>\n","protected":false},"author":7,"featured_media":0,"parent":0,"menu_order":0,"comment_status":"closed","ping_status":"closed","template":"","meta":{"_monsterinsights_skip_tracking":false,"_monsterinsights_sitenote_active":false,"_monsterinsights_sitenote_note":"","_monsterinsights_sitenote_category":0,"footnotes":""},"class_list":["post-6507","page","type-page","status-publish","hentry"],"aioseo_notices":[],"_links":{"self":[{"href":"https:\/\/funkymonkeyclub.com\/en\/wp-json\/wp\/v2\/pages\/6507","targetHints":{"allow":["GET"]}}],"collection":[{"href":"https:\/\/funkymonkeyclub.com\/en\/wp-json\/wp\/v2\/pages"}],"about":[{"href":"https:\/\/funkymonkeyclub.com\/en\/wp-json\/wp\/v2\/types\/page"}],"author":[{"embeddable":true,"href":"https:\/\/funkymonkeyclub.com\/en\/wp-json\/wp\/v2\/users\/7"}],"replies":[{"embeddable":true,"href":"https:\/\/funkymonkeyclub.com\/en\/wp-json\/wp\/v2\/comments?post=6507"}],"version-history":[{"count":4,"href":"https:\/\/funkymonkeyclub.com\/en\/wp-json\/wp\/v2\/pages\/6507\/revisions"}],"predecessor-version":[{"id":7941,"href":"https:\/\/funkymonkeyclub.com\/en\/wp-json\/wp\/v2\/pages\/6507\/revisions\/7941"}],"wp:attachment":[{"href":"https:\/\/funkymonkeyclub.com\/en\/wp-json\/wp\/v2\/media?parent=6507"}],"curies":[{"name":"wp","href":"https:\/\/api.w.org\/{rel}","templated":true}]}}